{"id":2218,"date":"2020-07-14T08:52:17","date_gmt":"2020-07-14T08:52:17","guid":{"rendered":"https:\/\/singlemalt.qodeinteractive.com\/?page_id=2218"},"modified":"2024-04-17T10:42:52","modified_gmt":"2024-04-17T10:42:52","slug":"contact-us","status":"publish","type":"page","link":"https:\/\/ginlovers.pt\/en\/contact-us\/","title":{"rendered":"Contact Us"},"content":{"rendered":"\t\t<div data-elementor-type=\"wp-page\" data-elementor-id=\"2218\" class=\"elementor elementor-2218\">\n\t\t\t\t\t\t<section class=\"elementor-section elementor-top-section elementor-element elementor-element-d733671 elementor-section-boxed elementor-section-height-default elementor-section-height-default qodef-elementor-content-no\" data-id=\"d733671\" data-element_type=\"section\">\n\t\t\t\t\t\t<div class=\"elementor-container elementor-column-gap-default\">\n\t\t\t\t\t<div class=\"elementor-column elementor-col-100 elementor-top-column elementor-element elementor-element-c0791d5\" data-id=\"c0791d5\" data-element_type=\"column\">\n\t\t\t<div class=\"elementor-widget-wrap elementor-element-populated\">\n\t\t\t\t\t\t<div class=\"elementor-element elementor-element-5068314 elementor-widget elementor-widget-singlemalt_core_section_title\" data-id=\"5068314\" data-element_type=\"widget\" data-widget_type=\"singlemalt_core_section_title.default\">\n\t\t\t\t<div class=\"elementor-widget-container\">\n\t\t\t\t\t<div class=\"qodef-shortcode qodef-m  qodef-section-title qodef-alignment--center  qodef-appear-animation\">\n        <span class=\"qodef-m-caption\" style=\"margin: 0px 0px 11px 0px\">\n                    <span class=\"qodef-caption-line qodef--left\" ><\/span>\n                Contact us                    <span class=\"qodef-caption-line qodef--right\" ><\/span>\n            <\/span>\n\t\t<h2 class=\"qodef-m-title\" style=\"color: #232323;margin: -5px\">\n\t\t\t\t\tget in touch\t\t\t<\/h2>\n\t<\/div>\t\t\t\t<\/div>\n\t\t\t\t<\/div>\n\t\t\t\t\t<\/div>\n\t\t<\/div>\n\t\t\t\t\t<\/div>\n\t\t<\/section>\n\t\t\t\t<section class=\"elementor-section elementor-top-section elementor-element elementor-element-3218dfc elementor-section-boxed elementor-section-height-default elementor-section-height-default qodef-elementor-content-no\" data-id=\"3218dfc\" data-element_type=\"section\">\n\t\t\t\t\t\t<div class=\"elementor-container elementor-column-gap-default\">\n\t\t\t\t\t<div class=\"elementor-column elementor-col-33 elementor-top-column elementor-element elementor-element-dfc4ff7\" data-id=\"dfc4ff7\" data-element_type=\"column\">\n\t\t\t<div class=\"elementor-widget-wrap elementor-element-populated\">\n\t\t\t\t\t\t<div class=\"elementor-element elementor-element-32e3ab5 elementor-widget elementor-widget-text-editor\" data-id=\"32e3ab5\" data-element_type=\"widget\" data-widget_type=\"text-editor.default\">\n\t\t\t\t<div class=\"elementor-widget-container\">\n\t\t\t\t\t\t\t\t\t<p style=\"line-height: 29px; text-align: center;\"><strong style=\"color: #232323;\">HEAD OFFICE<\/strong><\/p><p style=\"line-height: 29px; text-align: center;\">Rua Mem Rodrigues 4 A<br \/>1400-249 Lisboa<\/p><p><a style=\"text-align: center;\" href=\"mailto:geral@ginlovers.pt\">geral@ginlovers.pt<\/a><br \/><a style=\"text-align: center;\" href=\"+351 213 010 212\">+351 213 010 212<\/a><\/p>\t\t\t\t\t\t\t\t<\/div>\n\t\t\t\t<\/div>\n\t\t\t\t\t<\/div>\n\t\t<\/div>\n\t\t\t\t<div class=\"elementor-column elementor-col-33 elementor-top-column elementor-element elementor-element-b2f35d1\" data-id=\"b2f35d1\" data-element_type=\"column\">\n\t\t\t<div class=\"elementor-widget-wrap elementor-element-populated\">\n\t\t\t\t\t\t<div class=\"elementor-element elementor-element-7b06402 elementor-widget elementor-widget-text-editor\" data-id=\"7b06402\" data-element_type=\"widget\" data-widget_type=\"text-editor.default\">\n\t\t\t\t<div class=\"elementor-widget-container\">\n\t\t\t\t\t\t\t\t\t<p style=\"line-height: 29px; text-align: center;\"><strong style=\"color: #232323;\">GIN LOVERS BAR &amp; RESTAURANT<\/strong><\/p><p style=\"line-height: 29px; text-align: center;\">Pra\u00e7a do Pr\u00edncipe Real 26<br \/>1250-184 Lisboa<\/p><p><a style=\"text-align: center;\" href=\"mailto:principe.real@ginlovers.pt\">principe.real@ginlovers.pt<\/a><br \/><a style=\"text-align: center;\" href=\"+351 213 471 341\">+351 213 471 341<\/a><\/p>\t\t\t\t\t\t\t\t<\/div>\n\t\t\t\t<\/div>\n\t\t\t\t\t<\/div>\n\t\t<\/div>\n\t\t\t\t<div class=\"elementor-column elementor-col-33 elementor-top-column elementor-element elementor-element-4294a26\" data-id=\"4294a26\" data-element_type=\"column\">\n\t\t\t<div class=\"elementor-widget-wrap elementor-element-populated\">\n\t\t\t\t\t\t<div class=\"elementor-element elementor-element-40a0839 elementor-widget elementor-widget-text-editor\" data-id=\"40a0839\" data-element_type=\"widget\" data-widget_type=\"text-editor.default\">\n\t\t\t\t<div class=\"elementor-widget-container\">\n\t\t\t\t\t\t\t\t\t<p style=\"line-height: 29px; text-align: center;\"><strong style=\"color: #232323;\">THE G BAR &#8211; GOURMET EXPERIENCE<\/strong><\/p><p style=\"line-height: 29px; text-align: center;\">Av. Ant\u00f3nio Augusto de Aguiar 31<br \/>1069-413 Lisboa<\/p>\t\t\t\t\t\t\t\t<\/div>\n\t\t\t\t<\/div>\n\t\t\t\t\t<\/div>\n\t\t<\/div>\n\t\t\t\t\t<\/div>\n\t\t<\/section>\n\t\t\t\t<section class=\"elementor-section elementor-top-section elementor-element elementor-element-10df4bd elementor-section-boxed elementor-section-height-default elementor-section-height-default qodef-elementor-content-no\" data-id=\"10df4bd\" data-element_type=\"section\">\n\t\t\t\t\t\t<div class=\"elementor-container elementor-column-gap-default\">\n\t\t\t\t\t<div class=\"elementor-column elementor-col-100 elementor-top-column elementor-element elementor-element-a568976\" data-id=\"a568976\" data-element_type=\"column\">\n\t\t\t<div class=\"elementor-widget-wrap elementor-element-populated\">\n\t\t\t\t\t\t<div class=\"elementor-element elementor-element-434ca84 elementor-widget elementor-widget-spacer\" data-id=\"434ca84\" data-element_type=\"widget\" data-widget_type=\"spacer.default\">\n\t\t\t\t<div class=\"elementor-widget-container\">\n\t\t\t\t\t\t\t<div class=\"elementor-spacer\">\n\t\t\t<div class=\"elementor-spacer-inner\"><\/div>\n\t\t<\/div>\n\t\t\t\t\t\t<\/div>\n\t\t\t\t<\/div>\n\t\t\t\t<div class=\"elementor-element elementor-element-be8cea4 elementor-widget elementor-widget-image\" data-id=\"be8cea4\" data-element_type=\"widget\" data-widget_type=\"image.default\">\n\t\t\t\t<div class=\"elementor-widget-container\">\n\t\t\t\t\t\t\t\t\t\t\t\t\t\t\t<img decoding=\"async\" width=\"122\" height=\"300\" src=\"https:\/\/ginlovers.pt\/wp-content\/uploads\/2023\/10\/gin-lovers-utensils-122x300.webp\" class=\"attachment-medium size-medium wp-image-6281\" alt=\"\" srcset=\"https:\/\/ginlovers.pt\/wp-content\/uploads\/2023\/10\/gin-lovers-utensils-122x300.webp 122w, https:\/\/ginlovers.pt\/wp-content\/uploads\/2023\/10\/gin-lovers-utensils.webp 324w\" sizes=\"(max-width: 122px) 100vw, 122px\" \/>\t\t\t\t\t\t\t\t\t\t\t\t\t\t\t<\/div>\n\t\t\t\t<\/div>\n\t\t\t\t<div class=\"elementor-element elementor-element-305ed30 elementor-widget elementor-widget-spacer\" data-id=\"305ed30\" data-element_type=\"widget\" data-widget_type=\"spacer.default\">\n\t\t\t\t<div class=\"elementor-widget-container\">\n\t\t\t\t\t\t\t<div class=\"elementor-spacer\">\n\t\t\t<div class=\"elementor-spacer-inner\"><\/div>\n\t\t<\/div>\n\t\t\t\t\t\t<\/div>\n\t\t\t\t<\/div>\n\t\t\t\t\t<\/div>\n\t\t<\/div>\n\t\t\t\t\t<\/div>\n\t\t<\/section>\n\t\t\t\t<section class=\"elementor-section elementor-top-section elementor-element elementor-element-712bf17 elementor-section-boxed elementor-section-height-default elementor-section-height-default qodef-elementor-content-no\" data-id=\"712bf17\" data-element_type=\"section\">\n\t\t\t\t\t\t<div class=\"elementor-container elementor-column-gap-default\">\n\t\t\t\t\t<div class=\"elementor-column elementor-col-100 elementor-top-column elementor-element elementor-element-b32cb16\" data-id=\"b32cb16\" data-element_type=\"column\">\n\t\t\t<div class=\"elementor-widget-wrap elementor-element-populated\">\n\t\t\t\t\t\t<div class=\"elementor-element elementor-element-5065d23 elementor-widget elementor-widget-wp-widget-singlemalt_core_contact_form_7\" data-id=\"5065d23\" data-element_type=\"widget\" data-widget_type=\"wp-widget-singlemalt_core_contact_form_7.default\">\n\t\t\t\t<div class=\"elementor-widget-container\">\n\t\t\t\t\t\t\t\t<div class=\"qodef-contact-form-7\">\n\t\t\t\t\n<div class=\"wpcf7 no-js\" id=\"wpcf7-f5470-o1\" lang=\"en-US\" dir=\"ltr\" data-wpcf7-id=\"5470\">\n<div class=\"screen-reader-response\"><p role=\"status\" aria-live=\"polite\" aria-atomic=\"true\"><\/p> <ul><\/ul><\/div>\n<form action=\"\/en\/wp-json\/wp\/v2\/pages\/2218#wpcf7-f5470-o1\" method=\"post\" class=\"wpcf7-form init\" aria-label=\"Contact form\" novalidate=\"novalidate\" data-status=\"init\">\n<div style=\"display: none;\">\n<input type=\"hidden\" name=\"_wpcf7\" value=\"5470\" \/>\n<input type=\"hidden\" name=\"_wpcf7_version\" value=\"6.0.5\" \/>\n<input type=\"hidden\" name=\"_wpcf7_locale\" value=\"en_US\" \/>\n<input type=\"hidden\" name=\"_wpcf7_unit_tag\" value=\"wpcf7-f5470-o1\" \/>\n<input type=\"hidden\" name=\"_wpcf7_container_post\" value=\"0\" \/>\n<input type=\"hidden\" name=\"_wpcf7_posted_data_hash\" value=\"\" \/>\n<input type=\"hidden\" name=\"_wpcf7_recaptcha_response\" value=\"\" \/>\n<\/div>\n<div class=\"qodef-contact-form-simple\">\n\t<div class=\"qodef-contact-form-simple-input\">\n\t\t<label><span class=\"wpcf7-form-control-wrap\" data-name=\"your-email\"><input size=\"40\" maxlength=\"400\" class=\"wpcf7-form-control wpcf7-email wpcf7-validates-as-required wpcf7-text wpcf7-validates-as-email\" aria-required=\"true\" aria-invalid=\"false\" placeholder=\"E-mail\" value=\"\" type=\"email\" name=\"your-email\" \/><\/span> <\/label>\n\t<\/div>\n\n        <div class=\"qodef-contact-form-simple-input\">\n\t\t<label><span class=\"wpcf7-form-control-wrap\" data-name=\"your-name\"><input size=\"40\" maxlength=\"400\" class=\"wpcf7-form-control wpcf7-text wpcf7-validates-as-required\" aria-required=\"true\" aria-invalid=\"false\" placeholder=\"Name\" value=\"\" type=\"text\" name=\"your-name\" \/><\/span> <\/label>\n\t<\/div>\n\n\t<div class=\"qodef-contact-form-simple-text\">\n\t\t<label> <span class=\"wpcf7-form-control-wrap\" data-name=\"your-message\"><textarea cols=\"40\" rows=\"6\" maxlength=\"2000\" class=\"wpcf7-form-control wpcf7-textarea\" aria-invalid=\"false\" placeholder=\"Message\" name=\"your-message\"><\/textarea><\/span> <\/label>\t\n\t<\/div>\n\n\t<div class=\"qodef-contact-form-simple-submit\">\n\t\t<button class=\"wpcf7-form-control wpcf7-submit qodef-button qodef-size--normal qodef-type--filled qodef-m\" type=\"submit\"><span class=\"qodef-m-text\">Submit<\/span><\/button>\t\t\n\t<\/div>\n<\/div><p style=\"display: none !important;\" class=\"akismet-fields-container\" data-prefix=\"_wpcf7_ak_\"><label>&#916;<textarea name=\"_wpcf7_ak_hp_textarea\" cols=\"45\" rows=\"8\" maxlength=\"100\"><\/textarea><\/label><input type=\"hidden\" id=\"ak_js_1\" name=\"_wpcf7_ak_js\" value=\"219\"\/><script>document.getElementById( \"ak_js_1\" ).setAttribute( \"value\", ( new Date() ).getTime() );<\/script><\/p><div class=\"wpcf7-response-output\" aria-hidden=\"true\"><\/div>\n<\/form>\n<\/div>\n\t\t\t<\/div>\n\t\t\t\t\t\t\t<\/div>\n\t\t\t\t<\/div>\n\t\t\t\t\t<\/div>\n\t\t<\/div>\n\t\t\t\t\t<\/div>\n\t\t<\/section>\n\t\t\t\t<\/div>\n\t\t","protected":false},"excerpt":{"rendered":"<p>Contact us get in touch HEAD OFFICE Rua Mem Rodrigues 4 A1400-249 Lisboa geral@ginlovers.pt+351 213 010 212 GIN LOVERS BAR &amp; RESTAURANT Pra\u00e7a do Pr\u00edncipe Real 261250-184 Lisboa principe.real@ginlovers.pt+351 213 471 341 THE G BAR &#8211; GOURMET EXPERIENCE Av. Ant\u00f3nio Augusto de Aguiar 311069-413 Lisboa<\/p>\n","protected":false},"author":1,"featured_media":0,"parent":0,"menu_order":0,"comment_status":"closed","ping_status":"closed","template":"page-full-width.php","meta":{"footnotes":""},"class_list":["post-2218","page","type-page","status-publish","hentry"],"_links":{"self":[{"href":"https:\/\/ginlovers.pt\/en\/wp-json\/wp\/v2\/pages\/2218","targetHints":{"allow":["GET"]}}],"collection":[{"href":"https:\/\/ginlovers.pt\/en\/wp-json\/wp\/v2\/pages"}],"about":[{"href":"https:\/\/ginlovers.pt\/en\/wp-json\/wp\/v2\/types\/page"}],"author":[{"embeddable":true,"href":"https:\/\/ginlovers.pt\/en\/wp-json\/wp\/v2\/users\/1"}],"replies":[{"embeddable":true,"href":"https:\/\/ginlovers.pt\/en\/wp-json\/wp\/v2\/comments?post=2218"}],"version-history":[{"count":81,"href":"https:\/\/ginlovers.pt\/en\/wp-json\/wp\/v2\/pages\/2218\/revisions"}],"predecessor-version":[{"id":8373,"href":"https:\/\/ginlovers.pt\/en\/wp-json\/wp\/v2\/pages\/2218\/revisions\/8373"}],"wp:attachment":[{"href":"https:\/\/ginlovers.pt\/en\/wp-json\/wp\/v2\/media?parent=2218"}],"curies":[{"name":"wp","href":"https:\/\/api.w.org\/{rel}","templated":true}]}}