{"id":16,"date":"2023-09-11T20:29:54","date_gmt":"2023-09-11T20:29:54","guid":{"rendered":"https:\/\/ginlovers.pt\/?page_id=16"},"modified":"2025-03-06T10:06:05","modified_gmt":"2025-03-06T10:06:05","slug":"terms-conditions","status":"publish","type":"page","link":"https:\/\/ginlovers.pt\/en\/terms-conditions\/","title":{"rendered":"Terms &#038; Conditions"},"content":{"rendered":"\t\t<div data-elementor-type=\"wp-page\" data-elementor-id=\"16\" class=\"elementor elementor-16\">\n\t\t\t\t\t\t<section class=\"elementor-section elementor-top-section elementor-element elementor-element-63a74404 elementor-section-boxed elementor-section-height-default elementor-section-height-default qodef-elementor-content-no\" data-id=\"63a74404\" data-element_type=\"section\">\n\t\t\t\t\t\t<div class=\"elementor-container elementor-column-gap-default\">\n\t\t\t\t\t<div class=\"elementor-column elementor-col-100 elementor-top-column elementor-element elementor-element-252f9500\" data-id=\"252f9500\" data-element_type=\"column\">\n\t\t\t<div class=\"elementor-widget-wrap elementor-element-populated\">\n\t\t\t\t\t\t<div class=\"elementor-element elementor-element-7982116b elementor-widget elementor-widget-text-editor\" data-id=\"7982116b\" data-element_type=\"widget\" data-widget_type=\"text-editor.default\">\n\t\t\t\t<div class=\"elementor-widget-container\">\n\t\t\t\t\t\t\t\t\t<p><strong>Geral<\/strong><br \/>Bem-vindo aos Termos e Condi\u00e7\u00f5es do site Gin Lovers. A Gin Lovers Lda. com NIPC 510 806 511 e sede em Rua Mem Rodrigues 4A, 1400-249 Lisboa \u2013 Portugal, administra este site. Leia com aten\u00e7\u00e3o antes de realizar a sua encomenda. Leia tamb\u00e9m a nossa Pol\u00edtica de Privacidade. Ao utilizar este site e\/ou realizar uma opera\u00e7\u00e3o, concorda em ficar vinculado aos Termos e Condi\u00e7\u00f5es a seguir estabelecidos. Recomendamos a verifica\u00e7\u00e3o regular dos nossos Termos e Condi\u00e7\u00f5es, estes podem ser alterados a qualquer momento, sem notifica\u00e7\u00e3o pr\u00e9via. Quando o seu pedido for confirmado, n\u00e3o ser\u00e1 possivel fazer qualquer altera\u00e7\u00e3o.\u00a0<\/p><p><strong>Pagamentos<\/strong><br \/>Aceitamos pagamentos por transfer\u00eancia banc\u00e1ria, a maioria dos cart\u00f5es de cr\u00e9dito\/d\u00e9bito, pagamentos Mbway e Paypal. Todos os portadores de cart\u00f5es de cr\u00e9dito\/d\u00e9bito est\u00e3o sujeitos a verifica\u00e7\u00f5es de valida\u00e7\u00e3o e autoriza\u00e7\u00e3o do emissor do cart\u00e3o. O pagamento ser\u00e1 feito por si pelos meios especificados no site e ser\u00e1 validado assim que tenhamos confirma\u00e7\u00e3o do valor total declarado no pedido. Os pre\u00e7os est\u00e3o sujeitos a altera\u00e7\u00e3o sem aviso pr\u00e9vio, mas isso n\u00e3o afetar\u00e1 pedidos que j\u00e1 foram aceites.\u00a0<\/p><p><strong>Verified by Paypal<\/strong><br \/>A Gin Lovers trabalha com a Paypal, que por sua vez permite, para al\u00e9m da utiliza\u00e7\u00e3o de contas Paypal, o uso de cart\u00f5es Visa, MasterCard e Amex.<br \/>Efectuar as transa\u00e7\u00f5es via Paypal acrescenta um factor adicional de seguran\u00e7a a todas as transa\u00e7\u00f5es, protegendo o seu cart\u00e3o contra usos n\u00e3o autorizados.\u00a0<\/p><h3>\u00a0<\/h3><h3>Servi\u00e7o de entrega<\/h3><p>As encomendas efectuadas at\u00e9 \u00e0s 16h ser\u00e3o preparadas no mesmo dia. Estas encomendas ser\u00e3o expedidas no dia seguinte.<br \/>Ver abaixo para prazo de entrega:<\/p><p>Portugal Continental: entrega at\u00e9 3 dias \u00fateis<br \/>Madeira e A\u00e7ores: entrega at\u00e9 5 dias \u00fateis<br \/>Restantes pa\u00edses europeus: entrega at\u00e9 5 dias \u00fateis<\/p><p>No per\u00edodo de 15 de Novembro a 23 de Dezembro o servi\u00e7o de entregas ser\u00e1 mais r\u00e1pido.<br \/>Encomendas efectuadas at\u00e9 \u00e0s 12h ser\u00e3o expedidas no mesmo dia. Encomendas realizadas ap\u00f3s este hor\u00e1rio ser\u00e3o despachadas no dia seguinte.<\/p><h3>Devolu\u00e7\u00f5es<\/h3><p>Queremos proporcionar uma excelente experi\u00eancia de compra aos nossos clientes e entendemos que possa querer devolver itens inadequados.<br \/>Oferecemos uma troca ou reembolso em qualquer item comprado na Gin Lovers devolvido dentro de 7 dias decorridos a contar da recep\u00e7\u00e3o da encomenda.<br \/>Todos os itens s\u00e3o processados individualmente e o reembolso ser\u00e1 creditado atrav\u00e9s do mesmo m\u00e9todo de pagamento original. O reembolso poder\u00e1 demorar 7 dias \u00fateis at\u00e9 ficar dispon\u00edvel sua conta. Receber\u00e1 um email de confirma\u00e7\u00e3o quando o reembolso for processado. Uma vez recebida devolu\u00e7\u00e3o, todos os items s\u00e3o inspecionados. Os itens devem ser devolvidos intactos, sem qualquer viola\u00e7\u00e3o da seguran\u00e7a devida. A troca ou reembolso n\u00e3o se realizar\u00e1 se o produto devolvido tiver alguma condi\u00e7\u00e3o inadequada. Devolu\u00e7\u00e3o de produtos alegando que eles est\u00e3o com defeito, ser\u00e3o examinados e o cliente ser\u00e1 notificado posteriormente do seu reembolso via e-mail dentro de um per\u00edodo razo\u00e1vel de tempo. Iremos processar o devido reembolso o mais rapidamente poss\u00edvel. Por favor, note que o custo de devolu\u00e7\u00e3o de um item \u00e9 da sua responsabilidade. Recomendamos que use um meio seguro de envio e que mantenha em seu poder qualquer recibo ou prova de envio. N\u00e3o podemos aceitar a responsabilidade por itens que s\u00e3o perdidos durante o envio para a Gin Lovers.<\/p><p><strong>Endere\u00e7o de devolu\u00e7\u00f5es:<\/strong><br \/>Gin Lovers Lda.<br \/>Rua Mem Rodrigues 4 A, 1400-249 Lisboa<\/p><p><strong>Usos proibidos<\/strong><br \/>Est\u00e1 proibido de usar o site ou o seu conte\u00fado para:<br \/><strong>a)<\/strong>\u00a0qualquer finalidade ilegal;<br \/><strong>b)<\/strong>\u00a0solicitar a outros realizar ou participar em quaisquer actos il\u00edcitos;<br \/><strong>c)<\/strong>\u00a0violar regulamentos, regras, leis ou regulamentos locais internacionais e federais;<br \/><strong>d)<\/strong>\u00a0infringir ou violar os nossos direitos de propriedade intelectual ou direitos de propriedade intelectual de terceiros;<br \/><strong>e)<\/strong>\u00a0apresentar informa\u00e7\u00f5es falsas ou enganosas;<br \/><strong>f)<\/strong>\u00a0fazer o upload ou transmitir v\u00edrus ou qualquer outro tipo de c\u00f3digo malicioso que ser\u00e1 ou poder\u00e1 ser usado de qualquer maneira que vai afetar a funcionalidade ou opera\u00e7\u00e3o do Servi\u00e7o ou de qualquer site relacionado, outros sites, ou a Internet;<br \/><strong>g)<\/strong>\u00a0recolher ou acompanhar as informa\u00e7\u00f5es pessoais de outras pessoas;<br \/><strong>i)<\/strong>\u00a0interferir ou contornar as caracter\u00edsticas do Servi\u00e7o ou de qualquer site relacionado, outros sites, ou o Internet Security. Reservamo-nos o direito de rescindir o seu uso do Servi\u00e7o ou de qualquer site relacionado por violar qualquer das utiliza\u00e7\u00f5es proibidas.<\/p>\t\t\t\t\t\t\t\t<\/div>\n\t\t\t\t<\/div>\n\t\t\t\t\t<\/div>\n\t\t<\/div>\n\t\t\t\t\t<\/div>\n\t\t<\/section>\n\t\t\t\t<\/div>\n\t\t","protected":false},"excerpt":{"rendered":"<p>GeralBem-vindo aos Termos e Condi\u00e7\u00f5es do site Gin Lovers. A Gin Lovers Lda. com NIPC 510 806 511 e sede em Rua Mem Rodrigues 4A, 1400-249 Lisboa \u2013 Portugal, administra este site. Leia com aten\u00e7\u00e3o antes de realizar a sua encomenda. Leia tamb\u00e9m a nossa Pol\u00edtica de Privacidade. Ao utilizar este site e\/ou realizar uma [&hellip;]<\/p>\n","protected":false},"author":1,"featured_media":0,"parent":0,"menu_order":0,"comment_status":"closed","ping_status":"closed","template":"","meta":{"footnotes":""},"class_list":["post-16","page","type-page","status-publish","hentry"],"_links":{"self":[{"href":"https:\/\/ginlovers.pt\/en\/wp-json\/wp\/v2\/pages\/16","targetHints":{"allow":["GET"]}}],"collection":[{"href":"https:\/\/ginlovers.pt\/en\/wp-json\/wp\/v2\/pages"}],"about":[{"href":"https:\/\/ginlovers.pt\/en\/wp-json\/wp\/v2\/types\/page"}],"author":[{"embeddable":true,"href":"https:\/\/ginlovers.pt\/en\/wp-json\/wp\/v2\/users\/1"}],"replies":[{"embeddable":true,"href":"https:\/\/ginlovers.pt\/en\/wp-json\/wp\/v2\/comments?post=16"}],"version-history":[{"count":7,"href":"https:\/\/ginlovers.pt\/en\/wp-json\/wp\/v2\/pages\/16\/revisions"}],"predecessor-version":[{"id":9778,"href":"https:\/\/ginlovers.pt\/en\/wp-json\/wp\/v2\/pages\/16\/revisions\/9778"}],"wp:attachment":[{"href":"https:\/\/ginlovers.pt\/en\/wp-json\/wp\/v2\/media?parent=16"}],"curies":[{"name":"wp","href":"https:\/\/api.w.org\/{rel}","templated":true}]}}